{"id":1293,"date":"2021-06-21T11:52:15","date_gmt":"2021-06-21T11:52:15","guid":{"rendered":"https:\/\/replant.pt\/privacy-policy\/"},"modified":"2021-06-21T11:52:16","modified_gmt":"2021-06-21T11:52:16","slug":"privacy-policy","status":"publish","type":"page","link":"https:\/\/replant.pt\/en\/privacy-policy\/","title":{"rendered":"Privacy policy"},"content":{"rendered":"\t\t<div data-elementor-type=\"wp-page\" data-elementor-id=\"1293\" class=\"elementor elementor-1293 elementor-174\" data-elementor-post-type=\"page\">\n\t\t\t\t\t\t\t\t\t<section class=\"elementor-section elementor-top-section elementor-element elementor-element-94389f7 elementor-section-boxed elementor-section-height-default elementor-section-height-default\" data-id=\"94389f7\" data-element_type=\"section\">\n\t\t\t\t\t\t<div class=\"elementor-container elementor-column-gap-default\">\n\t\t\t\t\t<div class=\"elementor-column elementor-col-100 elementor-top-column elementor-element elementor-element-248137e\" data-id=\"248137e\" data-element_type=\"column\">\n\t\t\t<div class=\"elementor-widget-wrap elementor-element-populated\">\n\t\t\t\t\t\t\t\t<div class=\"elementor-element elementor-element-8fe4409 elementor-widget elementor-widget-spacer\" data-id=\"8fe4409\" data-element_type=\"widget\" data-widget_type=\"spacer.default\">\n\t\t\t\t<div class=\"elementor-widget-container\">\n\t\t\t\t\t<div class=\"elementor-spacer\">\n\t\t\t<div class=\"elementor-spacer-inner\"><\/div>\n\t\t<\/div>\n\t\t\t\t<\/div>\n\t\t\t\t<\/div>\n\t\t\t\t<div class=\"elementor-element elementor-element-a882663 elementor-widget elementor-widget-heading\" data-id=\"a882663\" data-element_type=\"widget\" data-widget_type=\"heading.default\">\n\t\t\t\t<div class=\"elementor-widget-container\">\n\t\t\t<h2 class=\"elementor-heading-title elementor-size-default\">Privacy policy<\/h2>\t\t<\/div>\n\t\t\t\t<\/div>\n\t\t\t\t\t<\/div>\n\t\t<\/div>\n\t\t\t\t\t\t\t<\/div>\n\t\t<\/section>\n\t\t\t\t<section class=\"elementor-section elementor-top-section elementor-element elementor-element-8761941 elementor-section-boxed elementor-section-height-default elementor-section-height-default\" data-id=\"8761941\" data-element_type=\"section\">\n\t\t\t\t\t\t<div class=\"elementor-container elementor-column-gap-default\">\n\t\t\t\t\t<div class=\"elementor-column elementor-col-100 elementor-top-column elementor-element elementor-element-c8307fc\" data-id=\"c8307fc\" data-element_type=\"column\">\n\t\t\t<div class=\"elementor-widget-wrap elementor-element-populated\">\n\t\t\t\t\t\t\t\t<div class=\"elementor-element elementor-element-0ef60a8 elementor-widget elementor-widget-text-editor\" data-id=\"0ef60a8\" data-element_type=\"widget\" data-widget_type=\"text-editor.default\">\n\t\t\t\t<div class=\"elementor-widget-container\">\n\t\t\t\t\t\t\t<p><span style=\"font-weight: 400;\">This website is managed by ForestWISE &#8211; Collaborative Laboratory for Integrated Forest &amp; Fire Management, at Quinta de Prados, Campus da UTAD, 5001-801, Vila Real, Portugal.<\/span><\/p>\n<p><span style=\"font-weight: 400;\">All elements on this site (images, text, video, graphics, files, among others) are protected by legal provisions relating to intellectual property and, in particular, by the scope of copyright protection. These elements may not be copied for commercial use or distribution, nor modified or forwarded to other websites. This site may also contain images that are property of third parties, who are also protected by copyright and intellectual property policies.  <\/span><\/p>\n<p><span style=\"font-weight: 400;\">Any data, comments, suggestions, information or content, communicated by the user or sent to the website, via email, form or any other means, will be considered private use and for the exclusive use of ForestWISE or others named by it.<\/span><\/p>\n<p><span style=\"font-weight: 400;\">This website includes links to other websites operated by third parties. Thus, ForestWISE is not responsible for the quality, veracity or updating of the statements reproduced on those websites. <\/span><\/p>\n<p><span style=\"font-weight: 400;\">Personal data sent to this website is for the expressed purposes only. Data processing is confidential and from the responsibility of ForestWISE, and may be shared with third parties involved in the rePLANt project. Data owners have the right to access and rectify their personal data, and may do it in person at the address identified on the website or sending an email to contact.fw@forestwise.pt, at any time and without any charge, as provided in Law No. 67\/98, of October 26th. Personal data provided will be preserved until the owner deny his consent or expresses refusal to receive further information.   <\/span><span style=\"text-decoration: underline;\"><a href=\"mailto:contact.fw@forestwise.pt\"><span style=\"font-weight: 400;\">contact.fw@forestwise.pt<\/span><\/a><\/span><span style=\"font-weight: 400;\">, em qualquer altura e sem qualquer encargo, nos termos do previsto na Lei n.\u00ba 67\/98, de 26 de outubro. Os dados pessoais fornecidos ser\u00e3o conservados at\u00e9 que o titular desses dados retire o seu consentimento ou expresse recusa em receber mais informa\u00e7\u00f5es.<\/span><\/p>\n<p><span style=\"font-weight: 400;\">ForestWISE reserves the right to prevent and\/or restrict the access to this website to any user. Additionally, it also reserves the right to change website conditions. Privacy policy change or even, as a last resort, the removal of this site can be carried out at any time and takes effect immediately without the need for prior notice to its users.  <\/span><\/p>\n<p><span style=\"font-weight: 400;\">Browsing this website, you declare that have read, understood and accepted this Legal Notices. Any explanation should be requested to  <\/span><a href=\"mailto:contact.fw@forestwise.pt\"><span style=\"font-weight: 400;\"><span style=\"text-decoration: underline;\">contact.fw@forestwise.pt<\/span><\/span><\/a><span style=\"font-weight: 400;\">. <\/span> <\/p>\n\t\t\t\t\t\t<\/div>\n\t\t\t\t<\/div>\n\t\t\t\t<div class=\"elementor-element elementor-element-7c3b5cc elementor-widget elementor-widget-spacer\" data-id=\"7c3b5cc\" data-element_type=\"widget\" data-widget_type=\"spacer.default\">\n\t\t\t\t<div class=\"elementor-widget-container\">\n\t\t\t\t\t<div class=\"elementor-spacer\">\n\t\t\t<div class=\"elementor-spacer-inner\"><\/div>\n\t\t<\/div>\n\t\t\t\t<\/div>\n\t\t\t\t<\/div>\n\t\t\t\t\t<\/div>\n\t\t<\/div>\n\t\t\t\t\t\t\t<\/div>\n\t\t<\/section>\n\t\t\t\t\t\t\t<\/div>\n\t\t","protected":false},"excerpt":{"rendered":"<p>Privacy policy This website is managed by ForestWISE &#8211; Collaborative Laboratory for Integrated Forest &amp; Fire Management, at Quinta de Prados, Campus da UTAD, 5001-801, Vila Real, Portugal. All elements on this site (images, text, video, graphics, files, among others) are protected by legal provisions relating to intellectual property and, in particular, by the scope [&hellip;]<\/p>\n","protected":false},"author":4,"featured_media":0,"parent":0,"menu_order":0,"comment_status":"closed","ping_status":"closed","template":"","meta":{"inline_featured_image":false,"footnotes":""},"class_list":["post-1293","page","type-page","status-publish","hentry"],"yoast_head":"<!-- This site is optimized with the Yoast SEO plugin v20.11 - https:\/\/yoast.com\/wordpress\/plugins\/seo\/ -->\r\n<title>Privacy policy - REPLANT<\/title>\r\n<meta name=\"robots\" content=\"index, follow, max-snippet:-1, max-image-preview:large, max-video-preview:-1\" \/>\r\n<link rel=\"canonical\" href=\"https:\/\/replant.pt\/en\/privacy-policy\/\" \/>\r\n<meta property=\"og:locale\" content=\"en_US\" \/>\r\n<meta property=\"og:type\" content=\"article\" \/>\r\n<meta property=\"og:title\" content=\"Privacy policy - REPLANT\" \/>\r\n<meta property=\"og:description\" content=\"Privacy policy This website is managed by ForestWISE &#8211; Collaborative Laboratory for Integrated Forest &amp; Fire Management, at Quinta de Prados, Campus da UTAD, 5001-801, Vila Real, Portugal. All elements on this site (images, text, video, graphics, files, among others) are protected by legal provisions relating to intellectual property and, in particular, by the scope [&hellip;]\" \/>\r\n<meta property=\"og:url\" content=\"https:\/\/replant.pt\/en\/privacy-policy\/\" \/>\r\n<meta property=\"og:site_name\" content=\"REPLANT\" \/>\r\n<meta property=\"article:modified_time\" content=\"2021-06-21T11:52:16+00:00\" \/>\r\n<meta name=\"twitter:card\" content=\"summary_large_image\" \/>\r\n<meta name=\"twitter:label1\" content=\"Est. reading time\" \/>\n\t<meta name=\"twitter:data1\" content=\"2 minutes\" \/>\r\n<script type=\"application\/ld+json\" class=\"yoast-schema-graph\">{\"@context\":\"https:\/\/schema.org\",\"@graph\":[{\"@type\":\"WebPage\",\"@id\":\"https:\/\/replant.pt\/en\/privacy-policy\/\",\"url\":\"https:\/\/replant.pt\/en\/privacy-policy\/\",\"name\":\"Privacy policy - REPLANT\",\"isPartOf\":{\"@id\":\"https:\/\/replant.pt\/en\/#website\"},\"datePublished\":\"2021-06-21T11:52:15+00:00\",\"dateModified\":\"2021-06-21T11:52:16+00:00\",\"breadcrumb\":{\"@id\":\"https:\/\/replant.pt\/en\/privacy-policy\/#breadcrumb\"},\"inLanguage\":\"en-US\",\"potentialAction\":[{\"@type\":\"ReadAction\",\"target\":[\"https:\/\/replant.pt\/en\/privacy-policy\/\"]}]},{\"@type\":\"BreadcrumbList\",\"@id\":\"https:\/\/replant.pt\/en\/privacy-policy\/#breadcrumb\",\"itemListElement\":[{\"@type\":\"ListItem\",\"position\":1,\"name\":\"Home\",\"item\":\"https:\/\/replant.pt\/en\/\"},{\"@type\":\"ListItem\",\"position\":2,\"name\":\"Privacy policy\"}]},{\"@type\":\"WebSite\",\"@id\":\"https:\/\/replant.pt\/en\/#website\",\"url\":\"https:\/\/replant.pt\/en\/\",\"name\":\"REPLANT\",\"description\":\"\",\"publisher\":{\"@id\":\"https:\/\/replant.pt\/en\/#organization\"},\"potentialAction\":[{\"@type\":\"SearchAction\",\"target\":{\"@type\":\"EntryPoint\",\"urlTemplate\":\"https:\/\/replant.pt\/en\/?s={search_term_string}\"},\"query-input\":\"required name=search_term_string\"}],\"inLanguage\":\"en-US\"},{\"@type\":\"Organization\",\"@id\":\"https:\/\/replant.pt\/en\/#organization\",\"name\":\"REPLANT\",\"url\":\"https:\/\/replant.pt\/en\/\",\"logo\":{\"@type\":\"ImageObject\",\"inLanguage\":\"en-US\",\"@id\":\"https:\/\/replant.pt\/en\/#\/schema\/logo\/image\/\",\"url\":\"https:\/\/replant.pt\/wp-content\/uploads\/2021\/02\/cropped-replant_logo.png\",\"contentUrl\":\"https:\/\/replant.pt\/wp-content\/uploads\/2021\/02\/cropped-replant_logo.png\",\"width\":1294,\"height\":386,\"caption\":\"REPLANT\"},\"image\":{\"@id\":\"https:\/\/replant.pt\/en\/#\/schema\/logo\/image\/\"}}]}<\/script>\r\n<!-- \/ Yoast SEO plugin. -->","yoast_head_json":{"title":"Privacy policy - REPLANT","robots":{"index":"index","follow":"follow","max-snippet":"max-snippet:-1","max-image-preview":"max-image-preview:large","max-video-preview":"max-video-preview:-1"},"canonical":"https:\/\/replant.pt\/en\/privacy-policy\/","og_locale":"en_US","og_type":"article","og_title":"Privacy policy - REPLANT","og_description":"Privacy policy This website is managed by ForestWISE &#8211; Collaborative Laboratory for Integrated Forest &amp; Fire Management, at Quinta de Prados, Campus da UTAD, 5001-801, Vila Real, Portugal. All elements on this site (images, text, video, graphics, files, among others) are protected by legal provisions relating to intellectual property and, in particular, by the scope [&hellip;]","og_url":"https:\/\/replant.pt\/en\/privacy-policy\/","og_site_name":"REPLANT","article_modified_time":"2021-06-21T11:52:16+00:00","twitter_card":"summary_large_image","twitter_misc":{"Est. reading time":"2 minutes"},"schema":{"@context":"https:\/\/schema.org","@graph":[{"@type":"WebPage","@id":"https:\/\/replant.pt\/en\/privacy-policy\/","url":"https:\/\/replant.pt\/en\/privacy-policy\/","name":"Privacy policy - REPLANT","isPartOf":{"@id":"https:\/\/replant.pt\/en\/#website"},"datePublished":"2021-06-21T11:52:15+00:00","dateModified":"2021-06-21T11:52:16+00:00","breadcrumb":{"@id":"https:\/\/replant.pt\/en\/privacy-policy\/#breadcrumb"},"inLanguage":"en-US","potentialAction":[{"@type":"ReadAction","target":["https:\/\/replant.pt\/en\/privacy-policy\/"]}]},{"@type":"BreadcrumbList","@id":"https:\/\/replant.pt\/en\/privacy-policy\/#breadcrumb","itemListElement":[{"@type":"ListItem","position":1,"name":"Home","item":"https:\/\/replant.pt\/en\/"},{"@type":"ListItem","position":2,"name":"Privacy policy"}]},{"@type":"WebSite","@id":"https:\/\/replant.pt\/en\/#website","url":"https:\/\/replant.pt\/en\/","name":"REPLANT","description":"","publisher":{"@id":"https:\/\/replant.pt\/en\/#organization"},"potentialAction":[{"@type":"SearchAction","target":{"@type":"EntryPoint","urlTemplate":"https:\/\/replant.pt\/en\/?s={search_term_string}"},"query-input":"required name=search_term_string"}],"inLanguage":"en-US"},{"@type":"Organization","@id":"https:\/\/replant.pt\/en\/#organization","name":"REPLANT","url":"https:\/\/replant.pt\/en\/","logo":{"@type":"ImageObject","inLanguage":"en-US","@id":"https:\/\/replant.pt\/en\/#\/schema\/logo\/image\/","url":"https:\/\/replant.pt\/wp-content\/uploads\/2021\/02\/cropped-replant_logo.png","contentUrl":"https:\/\/replant.pt\/wp-content\/uploads\/2021\/02\/cropped-replant_logo.png","width":1294,"height":386,"caption":"REPLANT"},"image":{"@id":"https:\/\/replant.pt\/en\/#\/schema\/logo\/image\/"}}]}},"_links":{"self":[{"href":"https:\/\/replant.pt\/en\/wp-json\/wp\/v2\/pages\/1293","targetHints":{"allow":["GET"]}}],"collection":[{"href":"https:\/\/replant.pt\/en\/wp-json\/wp\/v2\/pages"}],"about":[{"href":"https:\/\/replant.pt\/en\/wp-json\/wp\/v2\/types\/page"}],"author":[{"embeddable":true,"href":"https:\/\/replant.pt\/en\/wp-json\/wp\/v2\/users\/4"}],"replies":[{"embeddable":true,"href":"https:\/\/replant.pt\/en\/wp-json\/wp\/v2\/comments?post=1293"}],"version-history":[{"count":3,"href":"https:\/\/replant.pt\/en\/wp-json\/wp\/v2\/pages\/1293\/revisions"}],"predecessor-version":[{"id":1296,"href":"https:\/\/replant.pt\/en\/wp-json\/wp\/v2\/pages\/1293\/revisions\/1296"}],"wp:attachment":[{"href":"https:\/\/replant.pt\/en\/wp-json\/wp\/v2\/media?parent=1293"}],"curies":[{"name":"wp","href":"https:\/\/api.w.org\/{rel}","templated":true}]}}