{"id":3230,"date":"2022-06-24T16:33:26","date_gmt":"2022-06-24T16:33:26","guid":{"rendered":"https:\/\/replant.pt\/?page_id=3230"},"modified":"2023-06-15T14:35:52","modified_gmt":"2023-06-15T14:35:52","slug":"forest-and-fire-management-results","status":"publish","type":"page","link":"https:\/\/replant.pt\/en\/forest-and-fire-management-results\/","title":{"rendered":"Results &#8211; Forest and Fire Management"},"content":{"rendered":"\t\t<div data-elementor-type=\"wp-page\" data-elementor-id=\"3230\" class=\"elementor elementor-3230 elementor-2829\" data-elementor-post-type=\"page\">\n\t\t\t\t\t\t\t\t\t<section class=\"elementor-section elementor-top-section elementor-element elementor-element-9d74ee3 elementor-section-height-min-height elementor-section-boxed elementor-section-height-default elementor-section-items-middle\" data-id=\"9d74ee3\" data-element_type=\"section\" data-settings=\"{&quot;background_background&quot;:&quot;classic&quot;}\">\n\t\t\t\t\t\t\t<div class=\"elementor-background-overlay\"><\/div>\n\t\t\t\t\t\t\t<div class=\"elementor-container elementor-column-gap-default\">\n\t\t\t\t\t<div class=\"elementor-column elementor-col-100 elementor-top-column elementor-element elementor-element-b235da3\" data-id=\"b235da3\" data-element_type=\"column\">\n\t\t\t<div class=\"elementor-widget-wrap elementor-element-populated\">\n\t\t\t\t\t\t\t\t<div class=\"elementor-element elementor-element-11077e7 elementor-widget elementor-widget-text-editor\" data-id=\"11077e7\" data-element_type=\"widget\" data-widget_type=\"text-editor.default\">\n\t\t\t\t<div class=\"elementor-widget-container\">\n\t\t\t\t\t\t\t<p>Forest and Fire<br \/>Management Results<\/p>\t\t\t\t\t\t<\/div>\n\t\t\t\t<\/div>\n\t\t\t\t\t<\/div>\n\t\t<\/div>\n\t\t\t\t\t\t\t<\/div>\n\t\t<\/section>\n\t\t\t\t<section class=\"elementor-section elementor-top-section elementor-element elementor-element-bd26fb6 elementor-section-boxed elementor-section-height-default elementor-section-height-default\" data-id=\"bd26fb6\" data-element_type=\"section\" data-settings=\"{&quot;background_background&quot;:&quot;classic&quot;}\">\n\t\t\t\t\t\t<div class=\"elementor-container elementor-column-gap-default\">\n\t\t\t\t\t<div class=\"elementor-column elementor-col-100 elementor-top-column elementor-element elementor-element-5e0e240\" data-id=\"5e0e240\" data-element_type=\"column\">\n\t\t\t<div class=\"elementor-widget-wrap elementor-element-populated\">\n\t\t\t\t\t\t\t\t<div class=\"elementor-element elementor-element-13d740d elementor-widget elementor-widget-text-editor\" data-id=\"13d740d\" data-element_type=\"widget\" data-widget_type=\"text-editor.default\">\n\t\t\t\t<div class=\"elementor-widget-container\">\n\t\t\t\t\t\t\t<p>One year after the beginning of rePLANt, the I Technical Seminars were held, in which the project&#8217;s partners took stock of the activities carried out so far.<\/p>\t\t\t\t\t\t<\/div>\n\t\t\t\t<\/div>\n\t\t\t\t<div class=\"elementor-element elementor-element-a38a983 elementor-hidden-desktop elementor-hidden-tablet elementor-hidden-mobile elementor-widget elementor-widget-text-editor\" data-id=\"a38a983\" data-element_type=\"widget\" data-widget_type=\"text-editor.default\">\n\t\t\t\t<div class=\"elementor-widget-container\">\n\t\t\t\t\t\t\t<p>Um ano ap\u00f3s o in\u00edcio do rePLANt, realizaram-se as I Jornadas T\u00e9cnicas, nas quais os parceiros do projeto fizeram um ponto de situa\u00e7\u00e3o sobre as atividades realizadas at\u00e9 ao momento.<\/p>\t\t\t\t\t\t<\/div>\n\t\t\t\t<\/div>\n\t\t\t\t\t<\/div>\n\t\t<\/div>\n\t\t\t\t\t\t\t<\/div>\n\t\t<\/section>\n\t\t\t\t<section class=\"elementor-section elementor-top-section elementor-element elementor-element-e25d369 elementor-section-boxed elementor-section-height-default elementor-section-height-default\" data-id=\"e25d369\" data-element_type=\"section\" data-settings=\"{&quot;background_background&quot;:&quot;classic&quot;}\">\n\t\t\t\t\t\t<div class=\"elementor-container elementor-column-gap-default\">\n\t\t\t\t\t<div class=\"elementor-column elementor-col-100 elementor-top-column elementor-element elementor-element-e81bba1\" data-id=\"e81bba1\" data-element_type=\"column\">\n\t\t\t<div class=\"elementor-widget-wrap elementor-element-populated\">\n\t\t\t\t\t\t\t\t<section class=\"elementor-section elementor-inner-section elementor-element elementor-element-33ddacc elementor-section-boxed elementor-section-height-default elementor-section-height-default\" data-id=\"33ddacc\" data-element_type=\"section\">\n\t\t\t\t\t\t<div class=\"elementor-container elementor-column-gap-default\">\n\t\t\t\t\t<div class=\"elementor-column elementor-col-33 elementor-inner-column elementor-element elementor-element-bdc973e\" data-id=\"bdc973e\" data-element_type=\"column\" data-settings=\"{&quot;background_background&quot;:&quot;classic&quot;}\">\n\t\t\t<div class=\"elementor-widget-wrap elementor-element-populated\">\n\t\t\t\t\t\t\t\t<div class=\"elementor-element elementor-element-1131cf3 elementor-widget elementor-widget-heading\" data-id=\"1131cf3\" data-element_type=\"widget\" data-widget_type=\"heading.default\">\n\t\t\t\t<div class=\"elementor-widget-container\">\n\t\t\t<h2 class=\"elementor-heading-title elementor-size-default\"> <\/h2>\t\t<\/div>\n\t\t\t\t<\/div>\n\t\t\t\t<div class=\"elementor-element elementor-element-ebc71e8 elementor-widget elementor-widget-text-editor\" data-id=\"ebc71e8\" data-element_type=\"widget\" data-widget_type=\"text-editor.default\">\n\t\t\t\t<div class=\"elementor-widget-container\">\n\t\t\t\t\t\t\t<p>Land Occupation Map Update 2022<\/p>\t\t\t\t\t\t<\/div>\n\t\t\t\t<\/div>\n\t\t\t\t<div class=\"elementor-element elementor-element-d1f4105 elementor-align-left elementor-mobile-align-center elementor-widget elementor-widget-button\" data-id=\"d1f4105\" data-element_type=\"widget\" data-widget_type=\"button.default\">\n\t\t\t\t<div class=\"elementor-widget-container\">\n\t\t\t\t\t<div class=\"elementor-button-wrapper\">\n\t\t\t<a class=\"elementor-button elementor-button-link elementor-size-sm\" href=\"https:\/\/replant.pt\/forest-and-fire-management-results\/land-occupation-map-update-2022\/\">\n\t\t\t\t\t\t<span class=\"elementor-button-content-wrapper\">\n\t\t\t\t\t\t<span class=\"elementor-button-text\">See more<\/span>\n\t\t<\/span>\n\t\t\t\t\t<\/a>\n\t\t<\/div>\n\t\t\t\t<\/div>\n\t\t\t\t<\/div>\n\t\t\t\t\t<\/div>\n\t\t<\/div>\n\t\t\t\t<div class=\"elementor-column elementor-col-33 elementor-inner-column elementor-element elementor-element-3078241\" data-id=\"3078241\" data-element_type=\"column\" data-settings=\"{&quot;background_background&quot;:&quot;classic&quot;}\">\n\t\t\t<div class=\"elementor-widget-wrap elementor-element-populated\">\n\t\t\t\t\t\t\t\t<div class=\"elementor-element elementor-element-523e296 elementor-widget elementor-widget-heading\" data-id=\"523e296\" data-element_type=\"widget\" data-widget_type=\"heading.default\">\n\t\t\t\t<div class=\"elementor-widget-container\">\n\t\t\t<h2 class=\"elementor-heading-title elementor-size-default\"> <\/h2>\t\t<\/div>\n\t\t\t\t<\/div>\n\t\t\t\t<div class=\"elementor-element elementor-element-5d0bb27 elementor-widget elementor-widget-text-editor\" data-id=\"5d0bb27\" data-element_type=\"widget\" data-widget_type=\"text-editor.default\">\n\t\t\t\t<div class=\"elementor-widget-container\">\n\t\t\t\t\t\t\t<p>Monitoring vegetation around infrastructures<\/p>\t\t\t\t\t\t<\/div>\n\t\t\t\t<\/div>\n\t\t\t\t<div class=\"elementor-element elementor-element-06106c1 elementor-align-left elementor-mobile-align-center elementor-widget elementor-widget-button\" data-id=\"06106c1\" data-element_type=\"widget\" data-widget_type=\"button.default\">\n\t\t\t\t<div class=\"elementor-widget-container\">\n\t\t\t\t\t<div class=\"elementor-button-wrapper\">\n\t\t\t<a class=\"elementor-button elementor-button-link elementor-size-sm\" href=\"https:\/\/replant.pt\/forest-and-fire-management-results\/monitoring-vegetation-around-infrastructures\/\">\n\t\t\t\t\t\t<span class=\"elementor-button-content-wrapper\">\n\t\t\t\t\t\t<span class=\"elementor-button-text\">See more<\/span>\n\t\t<\/span>\n\t\t\t\t\t<\/a>\n\t\t<\/div>\n\t\t\t\t<\/div>\n\t\t\t\t<\/div>\n\t\t\t\t\t<\/div>\n\t\t<\/div>\n\t\t\t\t<div class=\"elementor-column elementor-col-33 elementor-inner-column elementor-element elementor-element-21ab78f\" data-id=\"21ab78f\" data-element_type=\"column\" data-settings=\"{&quot;background_background&quot;:&quot;classic&quot;}\">\n\t\t\t<div class=\"elementor-widget-wrap elementor-element-populated\">\n\t\t\t\t\t\t\t\t<div class=\"elementor-element elementor-element-a0009f0 elementor-widget elementor-widget-heading\" data-id=\"a0009f0\" data-element_type=\"widget\" data-widget_type=\"heading.default\">\n\t\t\t\t<div class=\"elementor-widget-container\">\n\t\t\t<h2 class=\"elementor-heading-title elementor-size-default\"> <\/h2>\t\t<\/div>\n\t\t\t\t<\/div>\n\t\t\t\t<div class=\"elementor-element elementor-element-9e32263 elementor-widget elementor-widget-text-editor\" data-id=\"9e32263\" data-element_type=\"widget\" data-widget_type=\"text-editor.default\">\n\t\t\t\t<div class=\"elementor-widget-container\">\n\t\t\t\t\t\t\t<p>Biomass estimate of eucalyptus plantations<\/p>\t\t\t\t\t\t<\/div>\n\t\t\t\t<\/div>\n\t\t\t\t<div class=\"elementor-element elementor-element-0b5af86 elementor-align-left elementor-mobile-align-center elementor-widget elementor-widget-button\" data-id=\"0b5af86\" data-element_type=\"widget\" data-widget_type=\"button.default\">\n\t\t\t\t<div class=\"elementor-widget-container\">\n\t\t\t\t\t<div class=\"elementor-button-wrapper\">\n\t\t\t<a class=\"elementor-button elementor-button-link elementor-size-sm\" href=\"https:\/\/replant.pt\/forest-and-fire-management-results\/biomass-estimation-in-eucalyptus-plantations\/\" target=\"_blank\">\n\t\t\t\t\t\t<span class=\"elementor-button-content-wrapper\">\n\t\t\t\t\t\t<span class=\"elementor-button-text\">See more<\/span>\n\t\t<\/span>\n\t\t\t\t\t<\/a>\n\t\t<\/div>\n\t\t\t\t<\/div>\n\t\t\t\t<\/div>\n\t\t\t\t\t<\/div>\n\t\t<\/div>\n\t\t\t\t\t\t\t<\/div>\n\t\t<\/section>\n\t\t\t\t<section class=\"elementor-section elementor-inner-section elementor-element elementor-element-2237a16 elementor-section-boxed elementor-section-height-default elementor-section-height-default\" data-id=\"2237a16\" data-element_type=\"section\">\n\t\t\t\t\t\t<div class=\"elementor-container elementor-column-gap-default\">\n\t\t\t\t\t<div class=\"elementor-column elementor-col-33 elementor-inner-column elementor-element elementor-element-d6cf866\" data-id=\"d6cf866\" data-element_type=\"column\" data-settings=\"{&quot;background_background&quot;:&quot;classic&quot;}\">\n\t\t\t<div class=\"elementor-widget-wrap elementor-element-populated\">\n\t\t\t\t\t\t\t\t<div class=\"elementor-element elementor-element-5033e74 elementor-widget elementor-widget-heading\" data-id=\"5033e74\" data-element_type=\"widget\" data-widget_type=\"heading.default\">\n\t\t\t\t<div class=\"elementor-widget-container\">\n\t\t\t<h2 class=\"elementor-heading-title elementor-size-default\"> <\/h2>\t\t<\/div>\n\t\t\t\t<\/div>\n\t\t\t\t<div class=\"elementor-element elementor-element-8cf2181 elementor-widget elementor-widget-text-editor\" data-id=\"8cf2181\" data-element_type=\"widget\" data-widget_type=\"text-editor.default\">\n\t\t\t\t<div class=\"elementor-widget-container\">\n\t\t\t\t\t\t\t<p>First approach to<br \/>the forest occupation map<\/p>\t\t\t\t\t\t<\/div>\n\t\t\t\t<\/div>\n\t\t\t\t<div class=\"elementor-element elementor-element-341755d elementor-align-left elementor-mobile-align-center elementor-widget elementor-widget-button\" data-id=\"341755d\" data-element_type=\"widget\" data-widget_type=\"button.default\">\n\t\t\t\t<div class=\"elementor-widget-container\">\n\t\t\t\t\t<div class=\"elementor-button-wrapper\">\n\t\t\t<a class=\"elementor-button elementor-button-link elementor-size-sm\" href=\"https:\/\/replant.pt\/en\/forest-and-fire-management-results\/first-approach-to-the-forest-occupation-map\/\">\n\t\t\t\t\t\t<span class=\"elementor-button-content-wrapper\">\n\t\t\t\t\t\t<span class=\"elementor-button-text\">See more<\/span>\n\t\t<\/span>\n\t\t\t\t\t<\/a>\n\t\t<\/div>\n\t\t\t\t<\/div>\n\t\t\t\t<\/div>\n\t\t\t\t\t<\/div>\n\t\t<\/div>\n\t\t\t\t<div class=\"elementor-column elementor-col-33 elementor-inner-column elementor-element elementor-element-3793eb1\" data-id=\"3793eb1\" data-element_type=\"column\" data-settings=\"{&quot;background_background&quot;:&quot;classic&quot;}\">\n\t\t\t<div class=\"elementor-widget-wrap elementor-element-populated\">\n\t\t\t\t\t\t\t\t<div class=\"elementor-element elementor-element-18f6fc3 elementor-widget elementor-widget-heading\" data-id=\"18f6fc3\" data-element_type=\"widget\" data-widget_type=\"heading.default\">\n\t\t\t\t<div class=\"elementor-widget-container\">\n\t\t\t<h2 class=\"elementor-heading-title elementor-size-default\"> <\/h2>\t\t<\/div>\n\t\t\t\t<\/div>\n\t\t\t\t<div class=\"elementor-element elementor-element-fda601a elementor-widget elementor-widget-text-editor\" data-id=\"fda601a\" data-element_type=\"widget\" data-widget_type=\"text-editor.default\">\n\t\t\t\t<div class=\"elementor-widget-container\">\n\t\t\t\t\t\t\t<p>New technologies for expeditious forest inventory<\/p>\t\t\t\t\t\t<\/div>\n\t\t\t\t<\/div>\n\t\t\t\t<div class=\"elementor-element elementor-element-f328cc2 elementor-align-left elementor-mobile-align-center elementor-widget elementor-widget-button\" data-id=\"f328cc2\" data-element_type=\"widget\" data-widget_type=\"button.default\">\n\t\t\t\t<div class=\"elementor-widget-container\">\n\t\t\t\t\t<div class=\"elementor-button-wrapper\">\n\t\t\t<a class=\"elementor-button elementor-button-link elementor-size-sm\" href=\"https:\/\/replant.pt\/en\/forest-and-fire-management-results\/new-technologies-for-expeditious-forest-inventory\/\">\n\t\t\t\t\t\t<span class=\"elementor-button-content-wrapper\">\n\t\t\t\t\t\t<span class=\"elementor-button-text\">See more<\/span>\n\t\t<\/span>\n\t\t\t\t\t<\/a>\n\t\t<\/div>\n\t\t\t\t<\/div>\n\t\t\t\t<\/div>\n\t\t\t\t\t<\/div>\n\t\t<\/div>\n\t\t\t\t<div class=\"elementor-column elementor-col-33 elementor-inner-column elementor-element elementor-element-e6d3add\" data-id=\"e6d3add\" data-element_type=\"column\" data-settings=\"{&quot;background_background&quot;:&quot;classic&quot;}\">\n\t\t\t<div class=\"elementor-widget-wrap elementor-element-populated\">\n\t\t\t\t\t\t\t\t<div class=\"elementor-element elementor-element-549d354 elementor-widget elementor-widget-image\" data-id=\"549d354\" data-element_type=\"widget\" data-widget_type=\"image.default\">\n\t\t\t\t<div class=\"elementor-widget-container\">\n\t\t\t\t\t\t\t\t\t\t\t\t\t\t\t<img loading=\"lazy\" decoding=\"async\" width=\"337\" height=\"200\" src=\"https:\/\/replant.pt\/wp-content\/uploads\/2023\/06\/pinheiro.png\" class=\"attachment-large size-large wp-image-5592\" alt=\"\" srcset=\"https:\/\/replant.pt\/wp-content\/uploads\/2023\/06\/pinheiro.png 337w, https:\/\/replant.pt\/wp-content\/uploads\/2023\/06\/pinheiro-300x178.png 300w\" sizes=\"auto, (max-width: 337px) 100vw, 337px\" \/>\t\t\t\t\t\t\t\t\t\t\t\t\t\t\t<\/div>\n\t\t\t\t<\/div>\n\t\t\t\t<div class=\"elementor-element elementor-element-ee0b4ea elementor-widget elementor-widget-text-editor\" data-id=\"ee0b4ea\" data-element_type=\"widget\" data-widget_type=\"text-editor.default\">\n\t\t\t\t<div class=\"elementor-widget-container\">\n\t\t\t\t\t\t\t<p>Natural regeneration management models in young Pinus pinaster areas<\/p>\t\t\t\t\t\t<\/div>\n\t\t\t\t<\/div>\n\t\t\t\t<div class=\"elementor-element elementor-element-1fd2055 elementor-align-left elementor-mobile-align-center elementor-widget elementor-widget-button\" data-id=\"1fd2055\" data-element_type=\"widget\" data-widget_type=\"button.default\">\n\t\t\t\t<div class=\"elementor-widget-container\">\n\t\t\t\t\t<div class=\"elementor-button-wrapper\">\n\t\t\t<a class=\"elementor-button elementor-button-link elementor-size-sm\" href=\"https:\/\/replant.pt\/en\/forest-and-fire-management-results\/work-done-to-define-management-models-for-natural-regeneration-in-young-maritime-pine-areas\/\" target=\"_blank\">\n\t\t\t\t\t\t<span class=\"elementor-button-content-wrapper\">\n\t\t\t\t\t\t<span class=\"elementor-button-text\">See more<\/span>\n\t\t<\/span>\n\t\t\t\t\t<\/a>\n\t\t<\/div>\n\t\t\t\t<\/div>\n\t\t\t\t<\/div>\n\t\t\t\t\t<\/div>\n\t\t<\/div>\n\t\t\t\t\t\t\t<\/div>\n\t\t<\/section>\n\t\t\t\t\t<\/div>\n\t\t<\/div>\n\t\t\t\t\t\t\t<\/div>\n\t\t<\/section>\n\t\t\t\t\t\t\t<\/div>\n\t\t","protected":false},"excerpt":{"rendered":"<p>Forest and FireManagement Results One year after the beginning of rePLANt, the I Technical Seminars were held, in which the project&#8217;s partners took stock of the activities carried out so far. Um ano ap\u00f3s o in\u00edcio do rePLANt, realizaram-se as I Jornadas T\u00e9cnicas, nas quais os parceiros do projeto fizeram um ponto de situa\u00e7\u00e3o sobre [&hellip;]<\/p>\n","protected":false},"author":4,"featured_media":0,"parent":0,"menu_order":0,"comment_status":"closed","ping_status":"closed","template":"","meta":{"inline_featured_image":false,"footnotes":""},"class_list":["post-3230","page","type-page","status-publish","hentry"],"yoast_head":"<!-- This site is optimized with the Yoast SEO plugin v20.11 - https:\/\/yoast.com\/wordpress\/plugins\/seo\/ -->\r\n<title>Results - Forest and Fire Management - REPLANT<\/title>\r\n<meta name=\"robots\" content=\"index, follow, max-snippet:-1, max-image-preview:large, max-video-preview:-1\" \/>\r\n<link rel=\"canonical\" href=\"https:\/\/replant.pt\/en\/forest-and-fire-management-results\/\" \/>\r\n<meta property=\"og:locale\" content=\"en_US\" \/>\r\n<meta property=\"og:type\" content=\"article\" \/>\r\n<meta property=\"og:title\" content=\"Results - Forest and Fire Management - REPLANT\" \/>\r\n<meta property=\"og:description\" content=\"Forest and FireManagement Results One year after the beginning of rePLANt, the I Technical Seminars were held, in which the project&#8217;s partners took stock of the activities carried out so far. Um ano ap\u00f3s o in\u00edcio do rePLANt, realizaram-se as I Jornadas T\u00e9cnicas, nas quais os parceiros do projeto fizeram um ponto de situa\u00e7\u00e3o sobre [&hellip;]\" \/>\r\n<meta property=\"og:url\" content=\"https:\/\/replant.pt\/en\/forest-and-fire-management-results\/\" \/>\r\n<meta property=\"og:site_name\" content=\"REPLANT\" \/>\r\n<meta property=\"article:modified_time\" content=\"2023-06-15T14:35:52+00:00\" \/>\r\n<meta property=\"og:image\" content=\"https:\/\/replant.pt\/wp-content\/uploads\/2023\/06\/pinheiro.png\" \/>\r\n<meta name=\"twitter:card\" content=\"summary_large_image\" \/>\r\n<meta name=\"twitter:label1\" content=\"Est. reading time\" \/>\n\t<meta name=\"twitter:data1\" content=\"1 minute\" \/>\r\n<script type=\"application\/ld+json\" class=\"yoast-schema-graph\">{\"@context\":\"https:\/\/schema.org\",\"@graph\":[{\"@type\":\"WebPage\",\"@id\":\"https:\/\/replant.pt\/en\/forest-and-fire-management-results\/\",\"url\":\"https:\/\/replant.pt\/en\/forest-and-fire-management-results\/\",\"name\":\"Results - Forest and Fire Management - REPLANT\",\"isPartOf\":{\"@id\":\"https:\/\/replant.pt\/en\/#website\"},\"datePublished\":\"2022-06-24T16:33:26+00:00\",\"dateModified\":\"2023-06-15T14:35:52+00:00\",\"breadcrumb\":{\"@id\":\"https:\/\/replant.pt\/en\/forest-and-fire-management-results\/#breadcrumb\"},\"inLanguage\":\"en-US\",\"potentialAction\":[{\"@type\":\"ReadAction\",\"target\":[\"https:\/\/replant.pt\/en\/forest-and-fire-management-results\/\"]}]},{\"@type\":\"BreadcrumbList\",\"@id\":\"https:\/\/replant.pt\/en\/forest-and-fire-management-results\/#breadcrumb\",\"itemListElement\":[{\"@type\":\"ListItem\",\"position\":1,\"name\":\"Home\",\"item\":\"https:\/\/replant.pt\/en\/\"},{\"@type\":\"ListItem\",\"position\":2,\"name\":\"Results &#8211; Forest and Fire Management\"}]},{\"@type\":\"WebSite\",\"@id\":\"https:\/\/replant.pt\/en\/#website\",\"url\":\"https:\/\/replant.pt\/en\/\",\"name\":\"REPLANT\",\"description\":\"\",\"publisher\":{\"@id\":\"https:\/\/replant.pt\/en\/#organization\"},\"potentialAction\":[{\"@type\":\"SearchAction\",\"target\":{\"@type\":\"EntryPoint\",\"urlTemplate\":\"https:\/\/replant.pt\/en\/?s={search_term_string}\"},\"query-input\":\"required name=search_term_string\"}],\"inLanguage\":\"en-US\"},{\"@type\":\"Organization\",\"@id\":\"https:\/\/replant.pt\/en\/#organization\",\"name\":\"REPLANT\",\"url\":\"https:\/\/replant.pt\/en\/\",\"logo\":{\"@type\":\"ImageObject\",\"inLanguage\":\"en-US\",\"@id\":\"https:\/\/replant.pt\/en\/#\/schema\/logo\/image\/\",\"url\":\"https:\/\/replant.pt\/wp-content\/uploads\/2021\/02\/cropped-replant_logo.png\",\"contentUrl\":\"https:\/\/replant.pt\/wp-content\/uploads\/2021\/02\/cropped-replant_logo.png\",\"width\":1294,\"height\":386,\"caption\":\"REPLANT\"},\"image\":{\"@id\":\"https:\/\/replant.pt\/en\/#\/schema\/logo\/image\/\"}}]}<\/script>\r\n<!-- \/ Yoast SEO plugin. -->","yoast_head_json":{"title":"Results - Forest and Fire Management - REPLANT","robots":{"index":"index","follow":"follow","max-snippet":"max-snippet:-1","max-image-preview":"max-image-preview:large","max-video-preview":"max-video-preview:-1"},"canonical":"https:\/\/replant.pt\/en\/forest-and-fire-management-results\/","og_locale":"en_US","og_type":"article","og_title":"Results - Forest and Fire Management - REPLANT","og_description":"Forest and FireManagement Results One year after the beginning of rePLANt, the I Technical Seminars were held, in which the project&#8217;s partners took stock of the activities carried out so far. Um ano ap\u00f3s o in\u00edcio do rePLANt, realizaram-se as I Jornadas T\u00e9cnicas, nas quais os parceiros do projeto fizeram um ponto de situa\u00e7\u00e3o sobre [&hellip;]","og_url":"https:\/\/replant.pt\/en\/forest-and-fire-management-results\/","og_site_name":"REPLANT","article_modified_time":"2023-06-15T14:35:52+00:00","og_image":[{"url":"https:\/\/replant.pt\/wp-content\/uploads\/2023\/06\/pinheiro.png"}],"twitter_card":"summary_large_image","twitter_misc":{"Est. reading time":"1 minute"},"schema":{"@context":"https:\/\/schema.org","@graph":[{"@type":"WebPage","@id":"https:\/\/replant.pt\/en\/forest-and-fire-management-results\/","url":"https:\/\/replant.pt\/en\/forest-and-fire-management-results\/","name":"Results - Forest and Fire Management - REPLANT","isPartOf":{"@id":"https:\/\/replant.pt\/en\/#website"},"datePublished":"2022-06-24T16:33:26+00:00","dateModified":"2023-06-15T14:35:52+00:00","breadcrumb":{"@id":"https:\/\/replant.pt\/en\/forest-and-fire-management-results\/#breadcrumb"},"inLanguage":"en-US","potentialAction":[{"@type":"ReadAction","target":["https:\/\/replant.pt\/en\/forest-and-fire-management-results\/"]}]},{"@type":"BreadcrumbList","@id":"https:\/\/replant.pt\/en\/forest-and-fire-management-results\/#breadcrumb","itemListElement":[{"@type":"ListItem","position":1,"name":"Home","item":"https:\/\/replant.pt\/en\/"},{"@type":"ListItem","position":2,"name":"Results &#8211; Forest and Fire Management"}]},{"@type":"WebSite","@id":"https:\/\/replant.pt\/en\/#website","url":"https:\/\/replant.pt\/en\/","name":"REPLANT","description":"","publisher":{"@id":"https:\/\/replant.pt\/en\/#organization"},"potentialAction":[{"@type":"SearchAction","target":{"@type":"EntryPoint","urlTemplate":"https:\/\/replant.pt\/en\/?s={search_term_string}"},"query-input":"required name=search_term_string"}],"inLanguage":"en-US"},{"@type":"Organization","@id":"https:\/\/replant.pt\/en\/#organization","name":"REPLANT","url":"https:\/\/replant.pt\/en\/","logo":{"@type":"ImageObject","inLanguage":"en-US","@id":"https:\/\/replant.pt\/en\/#\/schema\/logo\/image\/","url":"https:\/\/replant.pt\/wp-content\/uploads\/2021\/02\/cropped-replant_logo.png","contentUrl":"https:\/\/replant.pt\/wp-content\/uploads\/2021\/02\/cropped-replant_logo.png","width":1294,"height":386,"caption":"REPLANT"},"image":{"@id":"https:\/\/replant.pt\/en\/#\/schema\/logo\/image\/"}}]}},"_links":{"self":[{"href":"https:\/\/replant.pt\/en\/wp-json\/wp\/v2\/pages\/3230","targetHints":{"allow":["GET"]}}],"collection":[{"href":"https:\/\/replant.pt\/en\/wp-json\/wp\/v2\/pages"}],"about":[{"href":"https:\/\/replant.pt\/en\/wp-json\/wp\/v2\/types\/page"}],"author":[{"embeddable":true,"href":"https:\/\/replant.pt\/en\/wp-json\/wp\/v2\/users\/4"}],"replies":[{"embeddable":true,"href":"https:\/\/replant.pt\/en\/wp-json\/wp\/v2\/comments?post=3230"}],"version-history":[{"count":65,"href":"https:\/\/replant.pt\/en\/wp-json\/wp\/v2\/pages\/3230\/revisions"}],"predecessor-version":[{"id":5617,"href":"https:\/\/replant.pt\/en\/wp-json\/wp\/v2\/pages\/3230\/revisions\/5617"}],"wp:attachment":[{"href":"https:\/\/replant.pt\/en\/wp-json\/wp\/v2\/media?parent=3230"}],"curies":[{"name":"wp","href":"https:\/\/api.w.org\/{rel}","templated":true}]}}