{"id":3300,"date":"2022-06-27T09:56:43","date_gmt":"2022-06-27T09:56:43","guid":{"rendered":"https:\/\/replant.pt\/?page_id=3300"},"modified":"2023-06-15T15:29:32","modified_gmt":"2023-06-15T15:29:32","slug":"risk-management-results","status":"publish","type":"page","link":"https:\/\/replant.pt\/en\/risk-management-results\/","title":{"rendered":"Results &#8211; Risk Management"},"content":{"rendered":"\t\t<div data-elementor-type=\"wp-page\" data-elementor-id=\"3300\" class=\"elementor elementor-3300 elementor-3037\" data-elementor-post-type=\"page\">\n\t\t\t\t\t\t\t\t\t<section class=\"elementor-section elementor-top-section elementor-element elementor-element-9d74ee3 elementor-section-height-min-height elementor-section-boxed elementor-section-height-default elementor-section-items-middle\" data-id=\"9d74ee3\" data-element_type=\"section\" data-settings=\"{&quot;background_background&quot;:&quot;classic&quot;}\">\n\t\t\t\t\t\t\t<div class=\"elementor-background-overlay\"><\/div>\n\t\t\t\t\t\t\t<div class=\"elementor-container elementor-column-gap-default\">\n\t\t\t\t\t<div class=\"elementor-column elementor-col-100 elementor-top-column elementor-element elementor-element-b235da3\" data-id=\"b235da3\" data-element_type=\"column\">\n\t\t\t<div class=\"elementor-widget-wrap elementor-element-populated\">\n\t\t\t\t\t\t\t\t<div class=\"elementor-element elementor-element-11077e7 elementor-widget elementor-widget-text-editor\" data-id=\"11077e7\" data-element_type=\"widget\" data-widget_type=\"text-editor.default\">\n\t\t\t\t<div class=\"elementor-widget-container\">\n\t\t\t\t\t\t\t<p>Risk management Results<\/p>\t\t\t\t\t\t<\/div>\n\t\t\t\t<\/div>\n\t\t\t\t\t<\/div>\n\t\t<\/div>\n\t\t\t\t\t\t\t<\/div>\n\t\t<\/section>\n\t\t\t\t<section class=\"elementor-section elementor-top-section elementor-element elementor-element-bd26fb6 elementor-section-boxed elementor-section-height-default elementor-section-height-default\" data-id=\"bd26fb6\" data-element_type=\"section\" data-settings=\"{&quot;background_background&quot;:&quot;classic&quot;}\">\n\t\t\t\t\t\t<div class=\"elementor-container elementor-column-gap-default\">\n\t\t\t\t\t<div class=\"elementor-column elementor-col-100 elementor-top-column elementor-element elementor-element-5e0e240\" data-id=\"5e0e240\" data-element_type=\"column\">\n\t\t\t<div class=\"elementor-widget-wrap elementor-element-populated\">\n\t\t\t\t\t\t\t\t<div class=\"elementor-element elementor-element-13d740d elementor-widget elementor-widget-text-editor\" data-id=\"13d740d\" data-element_type=\"widget\" data-widget_type=\"text-editor.default\">\n\t\t\t\t<div class=\"elementor-widget-container\">\n\t\t\t\t\t\t\t<p>One year after the beginning of rePLANt, the I Technical Seminars were held, in which the project&#8217;s partners took stock of the activities carried out so far.<\/p>\t\t\t\t\t\t<\/div>\n\t\t\t\t<\/div>\n\t\t\t\t<div class=\"elementor-element elementor-element-a38a983 elementor-hidden-desktop elementor-hidden-tablet elementor-hidden-mobile elementor-widget elementor-widget-text-editor\" data-id=\"a38a983\" data-element_type=\"widget\" data-widget_type=\"text-editor.default\">\n\t\t\t\t<div class=\"elementor-widget-container\">\n\t\t\t\t\t\t\t<p>Um ano ap\u00f3s o in\u00edcio do rePLANt, realizaram-se as I Jornadas T\u00e9cnicas, nas quais os parceiros do projeto fizeram um ponto de situa\u00e7\u00e3o sobre as atividades realizadas at\u00e9 ao momento.<\/p>\t\t\t\t\t\t<\/div>\n\t\t\t\t<\/div>\n\t\t\t\t\t<\/div>\n\t\t<\/div>\n\t\t\t\t\t\t\t<\/div>\n\t\t<\/section>\n\t\t\t\t<section class=\"elementor-section elementor-top-section elementor-element elementor-element-c2d5230 elementor-section-boxed elementor-section-height-default elementor-section-height-default\" data-id=\"c2d5230\" data-element_type=\"section\" data-settings=\"{&quot;background_background&quot;:&quot;classic&quot;}\">\n\t\t\t\t\t\t<div class=\"elementor-container elementor-column-gap-default\">\n\t\t\t\t\t<div class=\"elementor-column elementor-col-100 elementor-top-column elementor-element elementor-element-01f3c32\" data-id=\"01f3c32\" data-element_type=\"column\">\n\t\t\t<div class=\"elementor-widget-wrap elementor-element-populated\">\n\t\t\t\t\t\t\t\t<section class=\"elementor-section elementor-inner-section elementor-element elementor-element-d60e742 elementor-section-boxed elementor-section-height-default elementor-section-height-default\" data-id=\"d60e742\" data-element_type=\"section\">\n\t\t\t\t\t\t<div class=\"elementor-container elementor-column-gap-default\">\n\t\t\t\t\t<div class=\"elementor-column elementor-col-33 elementor-inner-column elementor-element elementor-element-de82c61\" data-id=\"de82c61\" data-element_type=\"column\" data-settings=\"{&quot;background_background&quot;:&quot;classic&quot;}\">\n\t\t\t<div class=\"elementor-widget-wrap elementor-element-populated\">\n\t\t\t\t\t\t\t\t<div class=\"elementor-element elementor-element-131393b elementor-widget elementor-widget-image\" data-id=\"131393b\" data-element_type=\"widget\" data-widget_type=\"image.default\">\n\t\t\t\t<div class=\"elementor-widget-container\">\n\t\t\t\t\t\t\t\t\t\t\t\t\t\t\t<img loading=\"lazy\" decoding=\"async\" width=\"545\" height=\"306\" src=\"https:\/\/replant.pt\/wp-content\/uploads\/2023\/06\/suimulador-propagacao-de-fogo-whereness.png\" class=\"attachment-large size-large wp-image-5640\" alt=\"\" srcset=\"https:\/\/replant.pt\/wp-content\/uploads\/2023\/06\/suimulador-propagacao-de-fogo-whereness.png 545w, https:\/\/replant.pt\/wp-content\/uploads\/2023\/06\/suimulador-propagacao-de-fogo-whereness-300x168.png 300w\" sizes=\"auto, (max-width: 545px) 100vw, 545px\" \/>\t\t\t\t\t\t\t\t\t\t\t\t\t\t\t<\/div>\n\t\t\t\t<\/div>\n\t\t\t\t<div class=\"elementor-element elementor-element-36e8545 elementor-widget elementor-widget-text-editor\" data-id=\"36e8545\" data-element_type=\"widget\" data-widget_type=\"text-editor.default\">\n\t\t\t\t<div class=\"elementor-widget-container\">\n\t\t\t\t\t\t\t<p>Fire propagation simulator<\/p>\t\t\t\t\t\t<\/div>\n\t\t\t\t<\/div>\n\t\t\t\t<div class=\"elementor-element elementor-element-f3ce240 elementor-align-left elementor-mobile-align-center elementor-widget elementor-widget-button\" data-id=\"f3ce240\" data-element_type=\"widget\" data-widget_type=\"button.default\">\n\t\t\t\t<div class=\"elementor-widget-container\">\n\t\t\t\t\t<div class=\"elementor-button-wrapper\">\n\t\t\t<a class=\"elementor-button elementor-button-link elementor-size-sm\" href=\"https:\/\/replant.pt\/en\/risk-management-results\/fire-propagation-simulator\/\">\n\t\t\t\t\t\t<span class=\"elementor-button-content-wrapper\">\n\t\t\t\t\t\t<span class=\"elementor-button-text\">See more<\/span>\n\t\t<\/span>\n\t\t\t\t\t<\/a>\n\t\t<\/div>\n\t\t\t\t<\/div>\n\t\t\t\t<\/div>\n\t\t\t\t\t<\/div>\n\t\t<\/div>\n\t\t\t\t<div class=\"elementor-column elementor-col-33 elementor-inner-column elementor-element elementor-element-59cfbd3\" data-id=\"59cfbd3\" data-element_type=\"column\" data-settings=\"{&quot;background_background&quot;:&quot;classic&quot;}\">\n\t\t\t<div class=\"elementor-widget-wrap elementor-element-populated\">\n\t\t\t\t\t\t\t\t<div class=\"elementor-element elementor-element-f06841a elementor-widget elementor-widget-image\" data-id=\"f06841a\" data-element_type=\"widget\" data-widget_type=\"image.default\">\n\t\t\t\t<div class=\"elementor-widget-container\">\n\t\t\t\t\t\t\t\t\t\t\t\t\t\t\t<img loading=\"lazy\" decoding=\"async\" width=\"800\" height=\"600\" src=\"https:\/\/replant.pt\/wp-content\/uploads\/2023\/06\/IMG_6766-1024x768-1.jpg\" class=\"attachment-large size-large wp-image-5650\" alt=\"\" srcset=\"https:\/\/replant.pt\/wp-content\/uploads\/2023\/06\/IMG_6766-1024x768-1.jpg 1024w, https:\/\/replant.pt\/wp-content\/uploads\/2023\/06\/IMG_6766-1024x768-1-300x225.jpg 300w, https:\/\/replant.pt\/wp-content\/uploads\/2023\/06\/IMG_6766-1024x768-1-768x576.jpg 768w\" sizes=\"auto, (max-width: 800px) 100vw, 800px\" \/>\t\t\t\t\t\t\t\t\t\t\t\t\t\t\t<\/div>\n\t\t\t\t<\/div>\n\t\t\t\t<div class=\"elementor-element elementor-element-78c650d elementor-widget elementor-widget-text-editor\" data-id=\"78c650d\" data-element_type=\"widget\" data-widget_type=\"text-editor.default\">\n\t\t\t\t<div class=\"elementor-widget-container\">\n\t\t\t\t\t\t\t<p>Risk management in assets through forest fire monitoring<\/p>\t\t\t\t\t\t<\/div>\n\t\t\t\t<\/div>\n\t\t\t\t<div class=\"elementor-element elementor-element-5f5486e elementor-align-left elementor-mobile-align-center elementor-widget elementor-widget-button\" data-id=\"5f5486e\" data-element_type=\"widget\" data-widget_type=\"button.default\">\n\t\t\t\t<div class=\"elementor-widget-container\">\n\t\t\t\t\t<div class=\"elementor-button-wrapper\">\n\t\t\t<a class=\"elementor-button elementor-button-link elementor-size-sm\" href=\"https:\/\/replant.pt\/en\/risk-management-results\/risk-management-in-assets-through-forest-fire-monitoring\/\">\n\t\t\t\t\t\t<span class=\"elementor-button-content-wrapper\">\n\t\t\t\t\t\t<span class=\"elementor-button-text\">See more<\/span>\n\t\t<\/span>\n\t\t\t\t\t<\/a>\n\t\t<\/div>\n\t\t\t\t<\/div>\n\t\t\t\t<\/div>\n\t\t\t\t\t<\/div>\n\t\t<\/div>\n\t\t\t\t<div class=\"elementor-column elementor-col-33 elementor-inner-column elementor-element elementor-element-7501c5b\" data-id=\"7501c5b\" data-element_type=\"column\" data-settings=\"{&quot;background_background&quot;:&quot;classic&quot;}\">\n\t\t\t<div class=\"elementor-widget-wrap\">\n\t\t\t\t\t\t\t\t\t<\/div>\n\t\t<\/div>\n\t\t\t\t\t\t\t<\/div>\n\t\t<\/section>\n\t\t\t\t\t<\/div>\n\t\t<\/div>\n\t\t\t\t\t\t\t<\/div>\n\t\t<\/section>\n\t\t\t\t\t\t\t<\/div>\n\t\t","protected":false},"excerpt":{"rendered":"<p>Risk management Results One year after the beginning of rePLANt, the I Technical Seminars were held, in which the project&#8217;s partners took stock of the activities carried out so far. Um ano ap\u00f3s o in\u00edcio do rePLANt, realizaram-se as I Jornadas T\u00e9cnicas, nas quais os parceiros do projeto fizeram um ponto de situa\u00e7\u00e3o sobre as [&hellip;]<\/p>\n","protected":false},"author":4,"featured_media":0,"parent":0,"menu_order":0,"comment_status":"closed","ping_status":"closed","template":"","meta":{"inline_featured_image":false,"footnotes":""},"class_list":["post-3300","page","type-page","status-publish","hentry"],"yoast_head":"<!-- This site is optimized with the Yoast SEO plugin v20.11 - https:\/\/yoast.com\/wordpress\/plugins\/seo\/ -->\r\n<title>Results - Risk Management - REPLANT<\/title>\r\n<meta name=\"robots\" content=\"index, follow, max-snippet:-1, max-image-preview:large, max-video-preview:-1\" \/>\r\n<link rel=\"canonical\" href=\"https:\/\/replant.pt\/en\/risk-management-results\/\" \/>\r\n<meta property=\"og:locale\" content=\"en_US\" \/>\r\n<meta property=\"og:type\" content=\"article\" \/>\r\n<meta property=\"og:title\" content=\"Results - Risk Management - REPLANT\" \/>\r\n<meta property=\"og:description\" content=\"Risk management Results One year after the beginning of rePLANt, the I Technical Seminars were held, in which the project&#8217;s partners took stock of the activities carried out so far. Um ano ap\u00f3s o in\u00edcio do rePLANt, realizaram-se as I Jornadas T\u00e9cnicas, nas quais os parceiros do projeto fizeram um ponto de situa\u00e7\u00e3o sobre as [&hellip;]\" \/>\r\n<meta property=\"og:url\" content=\"https:\/\/replant.pt\/en\/risk-management-results\/\" \/>\r\n<meta property=\"og:site_name\" content=\"REPLANT\" \/>\r\n<meta property=\"article:modified_time\" content=\"2023-06-15T15:29:32+00:00\" \/>\r\n<meta property=\"og:image\" content=\"https:\/\/replant.pt\/wp-content\/uploads\/2023\/06\/suimulador-propagacao-de-fogo-whereness.png\" \/>\r\n<meta name=\"twitter:card\" content=\"summary_large_image\" \/>\r\n<meta name=\"twitter:label1\" content=\"Est. reading time\" \/>\n\t<meta name=\"twitter:data1\" content=\"1 minute\" \/>\r\n<script type=\"application\/ld+json\" class=\"yoast-schema-graph\">{\"@context\":\"https:\/\/schema.org\",\"@graph\":[{\"@type\":\"WebPage\",\"@id\":\"https:\/\/replant.pt\/en\/risk-management-results\/\",\"url\":\"https:\/\/replant.pt\/en\/risk-management-results\/\",\"name\":\"Results - Risk Management - REPLANT\",\"isPartOf\":{\"@id\":\"https:\/\/replant.pt\/en\/#website\"},\"datePublished\":\"2022-06-27T09:56:43+00:00\",\"dateModified\":\"2023-06-15T15:29:32+00:00\",\"breadcrumb\":{\"@id\":\"https:\/\/replant.pt\/en\/risk-management-results\/#breadcrumb\"},\"inLanguage\":\"en-US\",\"potentialAction\":[{\"@type\":\"ReadAction\",\"target\":[\"https:\/\/replant.pt\/en\/risk-management-results\/\"]}]},{\"@type\":\"BreadcrumbList\",\"@id\":\"https:\/\/replant.pt\/en\/risk-management-results\/#breadcrumb\",\"itemListElement\":[{\"@type\":\"ListItem\",\"position\":1,\"name\":\"Home\",\"item\":\"https:\/\/replant.pt\/en\/\"},{\"@type\":\"ListItem\",\"position\":2,\"name\":\"Results &#8211; Risk Management\"}]},{\"@type\":\"WebSite\",\"@id\":\"https:\/\/replant.pt\/en\/#website\",\"url\":\"https:\/\/replant.pt\/en\/\",\"name\":\"REPLANT\",\"description\":\"\",\"publisher\":{\"@id\":\"https:\/\/replant.pt\/en\/#organization\"},\"potentialAction\":[{\"@type\":\"SearchAction\",\"target\":{\"@type\":\"EntryPoint\",\"urlTemplate\":\"https:\/\/replant.pt\/en\/?s={search_term_string}\"},\"query-input\":\"required name=search_term_string\"}],\"inLanguage\":\"en-US\"},{\"@type\":\"Organization\",\"@id\":\"https:\/\/replant.pt\/en\/#organization\",\"name\":\"REPLANT\",\"url\":\"https:\/\/replant.pt\/en\/\",\"logo\":{\"@type\":\"ImageObject\",\"inLanguage\":\"en-US\",\"@id\":\"https:\/\/replant.pt\/en\/#\/schema\/logo\/image\/\",\"url\":\"https:\/\/replant.pt\/wp-content\/uploads\/2021\/02\/cropped-replant_logo.png\",\"contentUrl\":\"https:\/\/replant.pt\/wp-content\/uploads\/2021\/02\/cropped-replant_logo.png\",\"width\":1294,\"height\":386,\"caption\":\"REPLANT\"},\"image\":{\"@id\":\"https:\/\/replant.pt\/en\/#\/schema\/logo\/image\/\"}}]}<\/script>\r\n<!-- \/ Yoast SEO plugin. -->","yoast_head_json":{"title":"Results - Risk Management - REPLANT","robots":{"index":"index","follow":"follow","max-snippet":"max-snippet:-1","max-image-preview":"max-image-preview:large","max-video-preview":"max-video-preview:-1"},"canonical":"https:\/\/replant.pt\/en\/risk-management-results\/","og_locale":"en_US","og_type":"article","og_title":"Results - Risk Management - REPLANT","og_description":"Risk management Results One year after the beginning of rePLANt, the I Technical Seminars were held, in which the project&#8217;s partners took stock of the activities carried out so far. Um ano ap\u00f3s o in\u00edcio do rePLANt, realizaram-se as I Jornadas T\u00e9cnicas, nas quais os parceiros do projeto fizeram um ponto de situa\u00e7\u00e3o sobre as [&hellip;]","og_url":"https:\/\/replant.pt\/en\/risk-management-results\/","og_site_name":"REPLANT","article_modified_time":"2023-06-15T15:29:32+00:00","og_image":[{"url":"https:\/\/replant.pt\/wp-content\/uploads\/2023\/06\/suimulador-propagacao-de-fogo-whereness.png"}],"twitter_card":"summary_large_image","twitter_misc":{"Est. reading time":"1 minute"},"schema":{"@context":"https:\/\/schema.org","@graph":[{"@type":"WebPage","@id":"https:\/\/replant.pt\/en\/risk-management-results\/","url":"https:\/\/replant.pt\/en\/risk-management-results\/","name":"Results - Risk Management - REPLANT","isPartOf":{"@id":"https:\/\/replant.pt\/en\/#website"},"datePublished":"2022-06-27T09:56:43+00:00","dateModified":"2023-06-15T15:29:32+00:00","breadcrumb":{"@id":"https:\/\/replant.pt\/en\/risk-management-results\/#breadcrumb"},"inLanguage":"en-US","potentialAction":[{"@type":"ReadAction","target":["https:\/\/replant.pt\/en\/risk-management-results\/"]}]},{"@type":"BreadcrumbList","@id":"https:\/\/replant.pt\/en\/risk-management-results\/#breadcrumb","itemListElement":[{"@type":"ListItem","position":1,"name":"Home","item":"https:\/\/replant.pt\/en\/"},{"@type":"ListItem","position":2,"name":"Results &#8211; Risk Management"}]},{"@type":"WebSite","@id":"https:\/\/replant.pt\/en\/#website","url":"https:\/\/replant.pt\/en\/","name":"REPLANT","description":"","publisher":{"@id":"https:\/\/replant.pt\/en\/#organization"},"potentialAction":[{"@type":"SearchAction","target":{"@type":"EntryPoint","urlTemplate":"https:\/\/replant.pt\/en\/?s={search_term_string}"},"query-input":"required name=search_term_string"}],"inLanguage":"en-US"},{"@type":"Organization","@id":"https:\/\/replant.pt\/en\/#organization","name":"REPLANT","url":"https:\/\/replant.pt\/en\/","logo":{"@type":"ImageObject","inLanguage":"en-US","@id":"https:\/\/replant.pt\/en\/#\/schema\/logo\/image\/","url":"https:\/\/replant.pt\/wp-content\/uploads\/2021\/02\/cropped-replant_logo.png","contentUrl":"https:\/\/replant.pt\/wp-content\/uploads\/2021\/02\/cropped-replant_logo.png","width":1294,"height":386,"caption":"REPLANT"},"image":{"@id":"https:\/\/replant.pt\/en\/#\/schema\/logo\/image\/"}}]}},"_links":{"self":[{"href":"https:\/\/replant.pt\/en\/wp-json\/wp\/v2\/pages\/3300","targetHints":{"allow":["GET"]}}],"collection":[{"href":"https:\/\/replant.pt\/en\/wp-json\/wp\/v2\/pages"}],"about":[{"href":"https:\/\/replant.pt\/en\/wp-json\/wp\/v2\/types\/page"}],"author":[{"embeddable":true,"href":"https:\/\/replant.pt\/en\/wp-json\/wp\/v2\/users\/4"}],"replies":[{"embeddable":true,"href":"https:\/\/replant.pt\/en\/wp-json\/wp\/v2\/comments?post=3300"}],"version-history":[{"count":28,"href":"https:\/\/replant.pt\/en\/wp-json\/wp\/v2\/pages\/3300\/revisions"}],"predecessor-version":[{"id":5659,"href":"https:\/\/replant.pt\/en\/wp-json\/wp\/v2\/pages\/3300\/revisions\/5659"}],"wp:attachment":[{"href":"https:\/\/replant.pt\/en\/wp-json\/wp\/v2\/media?parent=3300"}],"curies":[{"name":"wp","href":"https:\/\/api.w.org\/{rel}","templated":true}]}}